{"id":7,"date":"2021-07-28T19:24:53","date_gmt":"2021-07-28T17:24:53","guid":{"rendered":"http:\/\/neat.cytracon2.info\/?page_id=7"},"modified":"2025-06-05T14:55:18","modified_gmt":"2025-06-05T12:55:18","slug":"via-neat","status":"publish","type":"page","link":"https:\/\/via-neat.ch\/romontsch\/","title":{"rendered":"Via NEAT"},"content":{"rendered":"<div class=\"wpb-content-wrapper\"><div class=\"vc_row wpb_row vc_row-fluid\"><div class=\"wpb_column vc_column_container vc_col-sm-12\"><div class=\"vc_column-inner\"><div class=\"wpb_wrapper\">\n\t<div class=\"wpb_raw_code wpb_raw_js\" >\n\t\t<div class=\"wpb_wrapper\">\n\t\t\t<div class=\"offen\"> \n<a href=\"\/romontsch\/aktuell\/\"> <img decoding=\"async\" src=\"\/wp-content\/uploads\/2025\/06\/via_neat_westweg_plakat-1.png\"><\/a>\n<\/div>\n\n\t\t<\/div>\n\t<\/div>\n\n\t<div class=\"wpb_raw_code wpb_raw_js\" >\n\t\t<div class=\"wpb_wrapper\">\n\t\t\t<div class=\"sprengpass\"> \n<a href=\"\/romontsch\/kinder\/\"> <img decoding=\"async\" src=\"..\/wp-content\/uploads\/2021\/10\/NEAT_belohnung.png\"> <\/a>\n<\/div>\n\n\t\t<\/div>\n\t<\/div>\n<\/div><\/div><\/div><\/div><div class=\"vc_row wpb_row vc_row-fluid vc_custom_1632738504408 vc_row-has-fill vc_row-o-content-top vc_row-flex\"><div class=\"wpb_column vc_column_container vc_col-sm-12\"><div class=\"vc_column-inner\"><div class=\"wpb_wrapper\">\n\t<div  class=\"wpb_single_image wpb_content_element vc_align_left\">\n\t\t\n\t\t<figure class=\"wpb_wrapper vc_figure\">\n\t\t\t<div class=\"vc_single_image-wrapper   vc_box_border_grey\"><img loading=\"lazy\" decoding=\"async\" width=\"1300\" height=\"718\" src=\"https:\/\/via-neat.ch\/wp-content\/uploads\/2021\/09\/Startbild-home.png\" class=\"vc_single_image-img attachment-full\" alt=\"\" title=\"Startbild-home\" srcset=\"https:\/\/via-neat.ch\/wp-content\/uploads\/2021\/09\/Startbild-home.png 1300w, https:\/\/via-neat.ch\/wp-content\/uploads\/2021\/09\/Startbild-home-300x166.png 300w, https:\/\/via-neat.ch\/wp-content\/uploads\/2021\/09\/Startbild-home-1024x566.png 1024w, https:\/\/via-neat.ch\/wp-content\/uploads\/2021\/09\/Startbild-home-768x424.png 768w\" sizes=\"auto, (max-width: 1300px) 100vw, 1300px\"  data-dt-location=\"https:\/\/via-neat.ch\/romontsch\/via-neat\/startbild-home-2\/\" \/><\/div>\n\t\t<\/figure>\n\t<\/div>\n<\/div><\/div><\/div><\/div><!-- Row Backgrounds --><div class=\"vc_row wpb_row vc_row-fluid vc_row-o-full-height vc_row-o-columns-middle vc_row-flex\"><div class=\"wpb_column vc_column_container vc_col-sm-12\"><div class=\"vc_column-inner\"><div class=\"wpb_wrapper\"><h2 style=\"color: #ffffff;line-height: 0.8;text-align: center\" class=\"vc_custom_heading vc_do_custom_heading vc_custom_1632496335122\" >VIA D'AVENTURA NEAT<\/h2><h2 style=\"text-align: center\" class=\"vc_custom_heading vc_do_custom_heading vc_custom_1632496205660\" >La construcziun ed il menaschi dil tunnel da basa dil Gottard \u2013 spira fascinaziun<\/h2><div class=\"vc_empty_space\"   style=\"height: 30px\"><span class=\"vc_empty_space_inner\"><\/span><\/div><h2 style=\"text-align: center\" class=\"vc_custom_heading vc_do_custom_heading\" >Cordial beinvegni<\/h2>\n\t<div class=\"wpb_text_column wpb_content_element\" >\n\t\t<div class=\"wpb_wrapper\">\n\t\t\t<p style=\"text-align: center;\">Lunsch sut la surfatscha dalla vischnaunca da Tujetsch han ins construiu duront dus decennis in\u2018ovra gigantesca: il tunnel da basa dil Gottard. Cun ina lunghezia da 57 kilometers vala igl element central dalla NEAT (Nova lingia da viafier tras las Alps) sco in dils pli liungs tunnels dil mund.<\/p>\n<p style=\"text-align: center;\">Sin dus girs dat la Via d\u2019aventura NEAT envesta ella construcziun ed el menaschi dall\u2018ovra centenara. Dudisch staziuns informativas animeschan da giugar e d\u2018experimentar.<\/p>\n<p style=\"text-align: center;\">La Via d\u2019aventura NEAT ei adattada per famiglias, gruppas, viadis da scola e tut las scuvridras e tut ils scuvriders restai giuvens da sp\u00e9rt. Igl ei pusseivel d\u2018entscheiver il gir tier tut las staziuns.<\/p>\n\n\t\t<\/div>\n\t<\/div>\n\n\t<div class=\"wpb_text_column wpb_content_element\" >\n\t\t<div class=\"wpb_wrapper\">\n\t\t\t<p class=\"p1\" style=\"text-align: center;\">Cun il pass da siglientar san ins scuvierer la stad a moda ludica ulteriurs puncts culminonts ed alla fin spetga ina pagaglia meritada sin la nova generaziun da construiders da tunnels.<\/p>\n\n\t\t<\/div>\n\t<\/div>\n\n\t<div class=\"wpb_text_column wpb_content_element\" >\n\t\t<div class=\"wpb_wrapper\">\n\t\t\t<p class=\"p1\" style=\"text-align: center;\"><a href=\"https:\/\/via-neat.ch\/wp-content\/uploads\/2022\/02\/NEAT_Flyer_A4_Vorlagen_01.02.22.pdf\" target=\"_blank\" rel=\"noopener\">Il fegl sgulont davart la Via d'aventura NEAT anfleis Vus cheu.<\/a><\/p>\n\n\t\t<\/div>\n\t<\/div>\n\n\t<div class=\"wpb_text_column wpb_content_element\" >\n\t\t<div class=\"wpb_wrapper\">\n\t\t\t<p class=\"p1\" style=\"text-align: center;\">Nus selegrein sin Vossa viseta!<\/p>\n\n\t\t<\/div>\n\t<\/div>\n<div class=\"vc_empty_space\"   style=\"height: 50px\"><span class=\"vc_empty_space_inner\"><\/span><\/div><\/div><\/div><\/div><\/div><div data-vc-full-width=\"true\" data-vc-full-width-temp=\"true\" data-vc-full-width-init=\"false\" data-vc-stretch-content=\"true\" class=\"vc_row wpb_row vc_row-fluid weiss vc_custom_1627568724939 vc_row-has-fill\"><div class=\"wpb_column vc_column_container vc_col-sm-6 vc_col-lg-offset-0 vc_col-lg-6 vc_col-md-offset-0 vc_col-md-6 vc_col-sm-offset-0 vc_col-xs-6\"><div class=\"vc_column-inner\"><div class=\"wpb_wrapper\"><div  class=\"vc_wp_custommenu wpb_content_element weiss\"><div class=\"widget widget_nav_menu\"><div class=\"menu-menu-deutsch-container\"><ul id=\"menu-menu-deutsch\" class=\"menu\"><li id=\"menu-item-1738\" class=\"menu-item menu-item-type-post_type menu-item-object-page menu-item-1738\"><a href=\"https:\/\/via-neat.ch\/romontsch\/aktuell\/\">Actual<\/a><\/li>\n<li id=\"menu-item-497\" class=\"menu-item menu-item-type-post_type menu-item-object-page menu-item-497\"><a href=\"https:\/\/via-neat.ch\/romontsch\/info\/\">Info<\/a><\/li>\n<li id=\"menu-item-496\" class=\"menu-item menu-item-type-post_type menu-item-object-page menu-item-496\"><a href=\"https:\/\/via-neat.ch\/romontsch\/erlebnisweg\/\">Via d'aventura<\/a><\/li>\n<li id=\"menu-item-580\" class=\"menu-item menu-item-type-post_type menu-item-object-page menu-item-580\"><a href=\"https:\/\/via-neat.ch\/romontsch\/kinder\/\">Affons<\/a><\/li>\n<li id=\"menu-item-495\" class=\"menu-item menu-item-type-post_type menu-item-object-page menu-item-495\"><a href=\"https:\/\/via-neat.ch\/romontsch\/galerie\/\">Gallaria<\/a><\/li>\n<li id=\"menu-item-494\" class=\"menu-item menu-item-type-post_type menu-item-object-page menu-item-494\"><a href=\"https:\/\/via-neat.ch\/romontsch\/kontakt\/\">Contact<\/a><\/li>\n<li id=\"menu-item-493\" class=\"menu-item menu-item-type-post_type menu-item-object-page menu-item-493\"><a href=\"https:\/\/via-neat.ch\/romontsch\/ueber-uns\/\">Sur da nus<\/a><\/li>\n<li id=\"menu-item-1803\" class=\"menu-item menu-item-type-post_type menu-item-object-page menu-item-1803\"><a href=\"https:\/\/via-neat.ch\/romontsch\/mitglieder\/\">Commember<\/a><\/li>\n<li id=\"menu-item-492\" class=\"menu-item menu-item-type-post_type menu-item-object-page menu-item-492\"><a href=\"https:\/\/via-neat.ch\/romontsch\/goenner\/\">Donaturs<\/a><\/li>\n<\/ul><\/div><\/div><\/div><\/div><\/div><\/div><div class=\"wpb_column vc_column_container vc_col-sm-6 vc_col-lg-offset-0 vc_col-lg-6 vc_col-md-offset-0 vc_col-md-6 vc_col-sm-offset-0 vc_col-xs-6\"><div class=\"vc_column-inner\"><div class=\"wpb_wrapper\">\n\t<div class=\"wpb_text_column wpb_content_element  weiss\" >\n\t\t<div class=\"wpb_wrapper\">\n\t\t\t<p style=\"text-align: right;\"><a href=\"http:\/\/via-neat.ch\/romontsch\/impressum\/\">Impressum<\/a><br \/>\n<a href=\"http:\/\/via-neat.ch\/romontsch\/datenschutzerklaerung\/\">Declaraziun davart la protecziun da datas<\/a><\/p>\n\n\t\t<\/div>\n\t<\/div>\n<\/div><\/div><\/div><\/div><div class=\"vc_row-full-width vc_clearfix\"><\/div>\n<\/div>","protected":false},"excerpt":{"rendered":"<p>NEAT ERLEBNISWEGFASZINATION BAU UND BETRIEB DES GOTTHARD-BASISTUNNELSHERZLICH WILLKOMMEN Tief unter der Gemeinde Tujetsch ist w\u00e4hrend zweier Jahrzehnte ein gigantisches Bauwerk entstanden: Der Gotthard-Basistunnel. Mit 57 Kilometern L\u00e4nge geh\u00f6rt das Herzst\u00fcck der NEAT (Neue Eisenbahn-Alpentransversale) zu den l\u00e4ngsten Tunnelr\u00f6hren der Welt. Auf zwei Rundg\u00e4ngen gew\u00e4hrt der NEAT Erlebnisweg Einblicke in Bau und Betrieb dieses Jahrhundert-Bauwerks. Zw\u00f6lf&hellip;<\/p>","protected":false},"author":3,"featured_media":0,"parent":0,"menu_order":0,"comment_status":"closed","ping_status":"closed","template":"","meta":{"footnotes":""},"class_list":["post-7","page","type-page","status-publish","hentry","description-off"],"_links":{"self":[{"href":"https:\/\/via-neat.ch\/romontsch\/wp-json\/wp\/v2\/pages\/7","targetHints":{"allow":["GET"]}}],"collection":[{"href":"https:\/\/via-neat.ch\/romontsch\/wp-json\/wp\/v2\/pages"}],"about":[{"href":"https:\/\/via-neat.ch\/romontsch\/wp-json\/wp\/v2\/types\/page"}],"author":[{"embeddable":true,"href":"https:\/\/via-neat.ch\/romontsch\/wp-json\/wp\/v2\/users\/3"}],"replies":[{"embeddable":true,"href":"https:\/\/via-neat.ch\/romontsch\/wp-json\/wp\/v2\/comments?post=7"}],"version-history":[{"count":4,"href":"https:\/\/via-neat.ch\/romontsch\/wp-json\/wp\/v2\/pages\/7\/revisions"}],"predecessor-version":[{"id":2419,"href":"https:\/\/via-neat.ch\/romontsch\/wp-json\/wp\/v2\/pages\/7\/revisions\/2419"}],"wp:attachment":[{"href":"https:\/\/via-neat.ch\/romontsch\/wp-json\/wp\/v2\/media?parent=7"}],"curies":[{"name":"wp","href":"https:\/\/api.w.org\/{rel}","templated":true}]}}